{"id":5328,"date":"2023-04-08T14:01:24","date_gmt":"2023-04-08T14:01:24","guid":{"rendered":"https:\/\/mycologypsychedelicstore.com\/?post_type=product&#038;p=5328"},"modified":"2025-05-17T08:48:07","modified_gmt":"2025-05-17T08:48:07","slug":"noot-lemon-tek-500mg-5000mg","status":"publish","type":"product","link":"https:\/\/mycologypsychedelicstore.com\/?product=noot-lemon-tek-500mg-5000mg","title":{"rendered":"N\u00d6\u00d6T \u2013 Lem\u00f6n T\u00ebK | 500mg | 5000mg"},"content":{"rendered":"<h1>Buy N\u00d6\u00d6T \u2013 Lem\u00f6n T\u00ebK | 500mg | 5000mg Online<\/h1>\n<p><strong>N\u00d6\u00d6T \u2013 Lem\u00f6n T\u00ebK | 500mg | 5000mg MicrodoseMushroom Capsules<\/strong>\u00a0offers the\u00a0<strong>highest dose<\/strong>\u00a0of active medicinal <a href=\"http:\/\/bing.com\" target=\"_blank\" rel=\"noopener\">mushrooms<\/a> on the market. This crafted formulation promises to enhance your existential experience and encourage a greater spiritual connection. Get closer to consciousness faster.<\/p>\n<p>All natural <a href=\"https:\/\/mycologypsychedelicstore.com\/\">crystallized lemon<\/a> is blended with a healthy dose of <a href=\"https:\/\/mycologypsychedelicstore.com\/\">psilocybe cubensis<\/a> to promote fast activation and provide a calm and soothing recovery.\u00a0<strong>Best suited for experienced users<\/strong>\u00a0because of its quick come-up and potent effects. Great for people looking to generate positive feelings, higher appreciation, and sacred experiences.<\/p>\n<p>The formula is targeting your best experience. Our all natural crystallized lemon will activate your experience and elevate! These all natural blend will deliver the vitamins needed to keep you energized through the day\/night. The recovery will be easier and get you ready for the next trip!<\/p>\n<p><strong>Recommend Use<\/strong>: Elevates consciousness and provides a playful, energetic journey. Suitable for experienced users.<\/p>\n<p><strong>Recommended Dosage<\/strong>: Adults take 1 capsule. Take with water.<\/p>\n<p>10 capsules\/box<\/p>\n<p>10 x 500mg | 5000mg<\/p>\n<p><strong>Package<\/strong>: Each box contains 10 capsules. Each capsule is 500mg for a total of 5,000mg.<\/p>\n<ul>\n<li><a href=\"http:\/\/google.com\" target=\"_blank\" rel=\"noopener\">Psilocybe cubensis<\/a> \u2014 400 mg<\/li>\n<li><a href=\"https:\/\/mycologypsychedelicstore.com\/\">Crystalized lemon<\/a> \u2014 150 mg<\/li>\n<\/ul>\n<p><strong>Purpose:<\/strong>\u00a0Brain Stimulant.\u00a0 This all-natural formulation will quickly enhance and magnify your existential experience!<\/p>\n<p><strong>Target:<\/strong>\u00a0\u00a0Active Population. \u00a0The formula is targeting your best experience. Our all-natural crystallized lemon will activate experience and elevate! These all-natural blends will deliver the vitamins needed to keep you energized throughout the day\/night. The recovery will be easier and get you ready for the next trip!<\/p>\n","protected":false},"excerpt":{"rendered":"<p>Buy N\u00d6\u00d6T \u2013 Lem\u00f6n T\u00ebK | 500mg | 5000mg Online N\u00d6\u00d6T \u2013 Lem\u00f6n T\u00ebK | 500mg | 5000mg MicrodoseMushroom Capsules\u00a0offers the\u00a0highest dose\u00a0of active medicinal mushrooms on the market. This crafted formulation promises to enhance your existential experience and encourage a greater spiritual connection. Get closer to consciousness faster. All natural crystallized lemon is blended with [&hellip;]<\/p>\n","protected":false},"featured_media":5329,"comment_status":"open","ping_status":"closed","template":"","meta":{"om_disable_all_campaigns":false,"site-sidebar-layout":"default","site-content-layout":"default","ast-site-content-layout":"","site-content-style":"default","site-sidebar-style":"default","ast-global-header-display":"","ast-banner-title-visibility":"","ast-main-header-display":"","ast-hfb-above-header-display":"","ast-hfb-below-header-display":"","ast-hfb-mobile-header-display":"","site-post-title":"","ast-breadcrumbs-content":"","ast-featured-img":"","footer-sml-layout":"","theme-transparent-header-meta":"default","adv-header-id-meta":"","stick-header-meta":"","header-above-stick-meta":"","header-main-stick-meta":"","header-below-stick-meta":"","astra-migrate-meta-layouts":"default","ast-page-background-enabled":"default","ast-page-background-meta":{"desktop":{"background-color":"","background-image":"","background-repeat":"repeat","background-position":"center center","background-size":"auto","background-attachment":"scroll","background-type":"","background-media":"","overlay-type":"","overlay-color":"","overlay-opacity":"","overlay-gradient":""},"tablet":{"background-color":"","background-image":"","background-repeat":"repeat","background-position":"center center","background-size":"auto","background-attachment":"scroll","background-type":"","background-media":"","overlay-type":"","overlay-color":"","overlay-opacity":"","overlay-gradient":""},"mobile":{"background-color":"","background-image":"","background-repeat":"repeat","background-position":"center center","background-size":"auto","background-attachment":"scroll","background-type":"","background-media":"","overlay-type":"","overlay-color":"","overlay-opacity":"","overlay-gradient":""}},"ast-content-background-meta":{"desktop":{"background-color":"var(--ast-global-color-5)","background-image":"","background-repeat":"repeat","background-position":"center center","background-size":"auto","background-attachment":"scroll","background-type":"","background-media":"","overlay-type":"","overlay-color":"","overlay-opacity":"","overlay-gradient":""},"tablet":{"background-color":"var(--ast-global-color-5)","background-image":"","background-repeat":"repeat","background-position":"center center","background-size":"auto","background-attachment":"scroll","background-type":"","background-media":"","overlay-type":"","overlay-color":"","overlay-opacity":"","overlay-gradient":""},"mobile":{"background-color":"var(--ast-global-color-5)","background-image":"","background-repeat":"repeat","background-position":"center center","background-size":"auto","background-attachment":"scroll","background-type":"","background-media":"","overlay-type":"","overlay-color":"","overlay-opacity":"","overlay-gradient":""}}},"product_brand":[],"product_cat":[144],"product_tag":[],"class_list":{"0":"post-5328","1":"product","2":"type-product","3":"status-publish","4":"has-post-thumbnail","6":"product_cat-pills","7":"desktop-align-left","8":"tablet-align-left","9":"mobile-align-left","11":"first","12":"instock","13":"sale","14":"shipping-taxable","15":"purchasable","16":"product-type-simple"},"_links":{"self":[{"href":"https:\/\/mycologypsychedelicstore.com\/index.php?rest_route=\/wp\/v2\/product\/5328","targetHints":{"allow":["GET"]}}],"collection":[{"href":"https:\/\/mycologypsychedelicstore.com\/index.php?rest_route=\/wp\/v2\/product"}],"about":[{"href":"https:\/\/mycologypsychedelicstore.com\/index.php?rest_route=\/wp\/v2\/types\/product"}],"replies":[{"embeddable":true,"href":"https:\/\/mycologypsychedelicstore.com\/index.php?rest_route=%2Fwp%2Fv2%2Fcomments&post=5328"}],"version-history":[{"count":3,"href":"https:\/\/mycologypsychedelicstore.com\/index.php?rest_route=\/wp\/v2\/product\/5328\/revisions"}],"predecessor-version":[{"id":5920,"href":"https:\/\/mycologypsychedelicstore.com\/index.php?rest_route=\/wp\/v2\/product\/5328\/revisions\/5920"}],"wp:featuredmedia":[{"embeddable":true,"href":"https:\/\/mycologypsychedelicstore.com\/index.php?rest_route=\/wp\/v2\/media\/5329"}],"wp:attachment":[{"href":"https:\/\/mycologypsychedelicstore.com\/index.php?rest_route=%2Fwp%2Fv2%2Fmedia&parent=5328"}],"wp:term":[{"taxonomy":"product_brand","embeddable":true,"href":"https:\/\/mycologypsychedelicstore.com\/index.php?rest_route=%2Fwp%2Fv2%2Fproduct_brand&post=5328"},{"taxonomy":"product_cat","embeddable":true,"href":"https:\/\/mycologypsychedelicstore.com\/index.php?rest_route=%2Fwp%2Fv2%2Fproduct_cat&post=5328"},{"taxonomy":"product_tag","embeddable":true,"href":"https:\/\/mycologypsychedelicstore.com\/index.php?rest_route=%2Fwp%2Fv2%2Fproduct_tag&post=5328"}],"curies":[{"name":"wp","href":"https:\/\/api.w.org\/{rel}","templated":true}]}}